{"id":8862,"date":"2024-05-16T04:28:19","date_gmt":"2024-05-16T00:28:19","guid":{"rendered":"https:\/\/gotitarojabolivia.org.bo\/?post_type=product&#038;p=8862"},"modified":"2025-05-05T05:59:58","modified_gmt":"2025-05-05T01:59:58","slug":"bolsa-bordada-2","status":"publish","type":"product","link":"https:\/\/gotitarojabolivia.org.bo\/?product=bolsa-bordada-2","title":{"rendered":"Bolsa bordada con M"},"content":{"rendered":"","protected":false},"excerpt":{"rendered":"<p>Al comprar este producto, se est\u00e1 apoyando a la donaci\u00f3n de medicamentos para pacientes con c\u00e1ncer.<\/p>\n<p>Medidas: 35 x 45<\/p>\n<p>Colores: crudo, bordado de acuerdo al dise\u00f1o.<\/p>\n","protected":false},"featured_media":8845,"template":"","meta":{"_mi_skip_tracking":false,"neve_meta_sidebar":"","neve_meta_container":"","neve_meta_enable_content_width":"off","neve_meta_content_width":100,"neve_meta_title_alignment":"","neve_meta_author_avatar":"","neve_post_elements_order":"","neve_meta_disable_header":"","neve_meta_disable_footer":"","neve_meta_disable_title":"","_themeisle_gutenberg_block_has_review":false,"_ti_tpc_template_sync":false,"_ti_tpc_template_id":""},"product_brand":[],"product_cat":[27],"product_tag":[],"class_list":{"0":"post-8862","1":"product","2":"type-product","3":"status-publish","4":"has-post-thumbnail","6":"product_cat-para-vos","8":"first","9":"instock","10":"shipping-taxable","11":"purchasable","12":"product-type-simple"},"jetpack_sharing_enabled":true,"_links":{"self":[{"href":"https:\/\/gotitarojabolivia.org.bo\/index.php?rest_route=\/wp\/v2\/product\/8862","targetHints":{"allow":["GET"]}}],"collection":[{"href":"https:\/\/gotitarojabolivia.org.bo\/index.php?rest_route=\/wp\/v2\/product"}],"about":[{"href":"https:\/\/gotitarojabolivia.org.bo\/index.php?rest_route=\/wp\/v2\/types\/product"}],"wp:featuredmedia":[{"embeddable":true,"href":"https:\/\/gotitarojabolivia.org.bo\/index.php?rest_route=\/wp\/v2\/media\/8845"}],"wp:attachment":[{"href":"https:\/\/gotitarojabolivia.org.bo\/index.php?rest_route=%2Fwp%2Fv2%2Fmedia&parent=8862"}],"wp:term":[{"taxonomy":"product_brand","embeddable":true,"href":"https:\/\/gotitarojabolivia.org.bo\/index.php?rest_route=%2Fwp%2Fv2%2Fproduct_brand&post=8862"},{"taxonomy":"product_cat","embeddable":true,"href":"https:\/\/gotitarojabolivia.org.bo\/index.php?rest_route=%2Fwp%2Fv2%2Fproduct_cat&post=8862"},{"taxonomy":"product_tag","embeddable":true,"href":"https:\/\/gotitarojabolivia.org.bo\/index.php?rest_route=%2Fwp%2Fv2%2Fproduct_tag&post=8862"}],"curies":[{"name":"wp","href":"https:\/\/api.w.org\/{rel}","templated":true}]}}