{"id":8206,"date":"2023-10-26T00:41:04","date_gmt":"2023-10-25T20:41:04","guid":{"rendered":"https:\/\/gotitarojabolivia.org.bo\/?post_type=product&#038;p=8206"},"modified":"2025-12-17T17:34:05","modified_gmt":"2025-12-17T13:34:05","slug":"bota-navidena-2","status":"publish","type":"product","link":"https:\/\/gotitarojabolivia.org.bo\/?product=bota-navidena-2","title":{"rendered":"Bota Navide\u00f1a"},"content":{"rendered":"","protected":false},"excerpt":{"rendered":"<p>Tama\u00f1o: 44 x 31 cm<\/p>\n<p>Dise\u00f1\u00f3: papanoel, mu\u00f1eco de nieve.<\/p>\n<p>&nbsp;<\/p>\n","protected":false},"featured_media":9865,"template":"","meta":{"_mi_skip_tracking":false,"neve_meta_sidebar":"","neve_meta_container":"","neve_meta_enable_content_width":"off","neve_meta_content_width":100,"neve_meta_title_alignment":"","neve_meta_author_avatar":"","neve_post_elements_order":"","neve_meta_disable_header":"","neve_meta_disable_footer":"","neve_meta_disable_title":"","_themeisle_gutenberg_block_has_review":false,"_ti_tpc_template_sync":false,"_ti_tpc_template_id":""},"product_brand":[],"product_cat":[42],"product_tag":[],"class_list":{"0":"post-8206","1":"product","2":"type-product","3":"status-publish","4":"has-post-thumbnail","6":"product_cat-navidad-2023","8":"first","9":"instock","10":"shipping-taxable","11":"purchasable","12":"product-type-simple"},"jetpack_sharing_enabled":true,"_links":{"self":[{"href":"https:\/\/gotitarojabolivia.org.bo\/index.php?rest_route=\/wp\/v2\/product\/8206","targetHints":{"allow":["GET"]}}],"collection":[{"href":"https:\/\/gotitarojabolivia.org.bo\/index.php?rest_route=\/wp\/v2\/product"}],"about":[{"href":"https:\/\/gotitarojabolivia.org.bo\/index.php?rest_route=\/wp\/v2\/types\/product"}],"wp:featuredmedia":[{"embeddable":true,"href":"https:\/\/gotitarojabolivia.org.bo\/index.php?rest_route=\/wp\/v2\/media\/9865"}],"wp:attachment":[{"href":"https:\/\/gotitarojabolivia.org.bo\/index.php?rest_route=%2Fwp%2Fv2%2Fmedia&parent=8206"}],"wp:term":[{"taxonomy":"product_brand","embeddable":true,"href":"https:\/\/gotitarojabolivia.org.bo\/index.php?rest_route=%2Fwp%2Fv2%2Fproduct_brand&post=8206"},{"taxonomy":"product_cat","embeddable":true,"href":"https:\/\/gotitarojabolivia.org.bo\/index.php?rest_route=%2Fwp%2Fv2%2Fproduct_cat&post=8206"},{"taxonomy":"product_tag","embeddable":true,"href":"https:\/\/gotitarojabolivia.org.bo\/index.php?rest_route=%2Fwp%2Fv2%2Fproduct_tag&post=8206"}],"curies":[{"name":"wp","href":"https:\/\/api.w.org\/{rel}","templated":true}]}}