{"id":5070,"date":"2021-07-07T00:59:41","date_gmt":"2021-07-06T20:59:41","guid":{"rendered":"http:\/\/gotitarojabolivia.org.bo\/?post_type=product&#038;p=5070"},"modified":"2026-04-01T02:28:27","modified_gmt":"2026-03-31T22:28:27","slug":"lapices-boligrafos","status":"publish","type":"product","link":"https:\/\/gotitarojabolivia.org.bo\/?product=lapices-boligrafos","title":{"rendered":"Lapices-Boligrafos"},"content":{"rendered":"","protected":false},"excerpt":{"rendered":"<p>Aplicaci\u00f3n de animalitos, helados o cup cakes en l\u00e1pices o bol\u00edgrafos.<\/p>\n<p>Producto realizado por mam\u00e1s de internaci\u00f3n.<\/p>\n","protected":false},"featured_media":9226,"template":"","meta":{"_mi_skip_tracking":false,"neve_meta_sidebar":"","neve_meta_container":"","neve_meta_enable_content_width":"off","neve_meta_content_width":100,"neve_meta_title_alignment":"","neve_meta_author_avatar":"","neve_post_elements_order":"","neve_meta_disable_header":"","neve_meta_disable_footer":"","neve_meta_disable_title":"","_themeisle_gutenberg_block_has_review":false,"_ti_tpc_template_sync":false,"_ti_tpc_template_id":""},"product_brand":[],"product_cat":[26,27],"product_tag":[],"class_list":{"0":"post-5070","1":"product","2":"type-product","3":"status-publish","4":"has-post-thumbnail","6":"product_cat-para-ninos","7":"product_cat-para-vos","9":"first","10":"instock","11":"shipping-taxable","12":"purchasable","13":"product-type-simple"},"jetpack_sharing_enabled":true,"_links":{"self":[{"href":"https:\/\/gotitarojabolivia.org.bo\/index.php?rest_route=\/wp\/v2\/product\/5070","targetHints":{"allow":["GET"]}}],"collection":[{"href":"https:\/\/gotitarojabolivia.org.bo\/index.php?rest_route=\/wp\/v2\/product"}],"about":[{"href":"https:\/\/gotitarojabolivia.org.bo\/index.php?rest_route=\/wp\/v2\/types\/product"}],"wp:featuredmedia":[{"embeddable":true,"href":"https:\/\/gotitarojabolivia.org.bo\/index.php?rest_route=\/wp\/v2\/media\/9226"}],"wp:attachment":[{"href":"https:\/\/gotitarojabolivia.org.bo\/index.php?rest_route=%2Fwp%2Fv2%2Fmedia&parent=5070"}],"wp:term":[{"taxonomy":"product_brand","embeddable":true,"href":"https:\/\/gotitarojabolivia.org.bo\/index.php?rest_route=%2Fwp%2Fv2%2Fproduct_brand&post=5070"},{"taxonomy":"product_cat","embeddable":true,"href":"https:\/\/gotitarojabolivia.org.bo\/index.php?rest_route=%2Fwp%2Fv2%2Fproduct_cat&post=5070"},{"taxonomy":"product_tag","embeddable":true,"href":"https:\/\/gotitarojabolivia.org.bo\/index.php?rest_route=%2Fwp%2Fv2%2Fproduct_tag&post=5070"}],"curies":[{"name":"wp","href":"https:\/\/api.w.org\/{rel}","templated":true}]}}