{"id":5053,"date":"2021-07-07T00:59:10","date_gmt":"2021-07-06T20:59:10","guid":{"rendered":"http:\/\/gotitarojabolivia.org.bo\/?post_type=product&#038;p=5053"},"modified":"2024-09-23T18:53:36","modified_gmt":"2024-09-23T14:53:36","slug":"canastas-de-yute","status":"publish","type":"product","link":"https:\/\/gotitarojabolivia.org.bo\/?product=canastas-de-yute","title":{"rendered":"Canastas de Yute"},"content":{"rendered":"<p>Peque\u00f1a: 100.-<\/p>\n<p>Mediana: 120.-<\/p>\n<p>Grande: 150.-<\/p>\n","protected":false},"excerpt":{"rendered":"<p>Tama\u00f1o: 20 cm de di\u00e1metro (P), 22 cm de di\u00e1metro o 18 cm x 18cm (M), 25 cm de di\u00e1metro (G)<\/p>\n","protected":false},"featured_media":6942,"template":"","meta":{"_mi_skip_tracking":false,"neve_meta_sidebar":"","neve_meta_container":"","neve_meta_enable_content_width":"off","neve_meta_content_width":0,"neve_meta_title_alignment":"","neve_meta_author_avatar":"","neve_post_elements_order":"","neve_meta_disable_header":"","neve_meta_disable_footer":"","neve_meta_disable_title":"","_themeisle_gutenberg_block_has_review":false,"_ti_tpc_template_sync":false,"_ti_tpc_template_id":""},"product_brand":[],"product_cat":[23],"product_tag":[],"class_list":{"0":"post-5053","1":"product","2":"type-product","3":"status-publish","4":"has-post-thumbnail","6":"product_cat-dorm-living-galeria","8":"first","9":"instock","10":"shipping-taxable","11":"purchasable","12":"product-type-simple"},"jetpack_sharing_enabled":true,"_links":{"self":[{"href":"https:\/\/gotitarojabolivia.org.bo\/index.php?rest_route=\/wp\/v2\/product\/5053","targetHints":{"allow":["GET"]}}],"collection":[{"href":"https:\/\/gotitarojabolivia.org.bo\/index.php?rest_route=\/wp\/v2\/product"}],"about":[{"href":"https:\/\/gotitarojabolivia.org.bo\/index.php?rest_route=\/wp\/v2\/types\/product"}],"wp:featuredmedia":[{"embeddable":true,"href":"https:\/\/gotitarojabolivia.org.bo\/index.php?rest_route=\/wp\/v2\/media\/6942"}],"wp:attachment":[{"href":"https:\/\/gotitarojabolivia.org.bo\/index.php?rest_route=%2Fwp%2Fv2%2Fmedia&parent=5053"}],"wp:term":[{"taxonomy":"product_brand","embeddable":true,"href":"https:\/\/gotitarojabolivia.org.bo\/index.php?rest_route=%2Fwp%2Fv2%2Fproduct_brand&post=5053"},{"taxonomy":"product_cat","embeddable":true,"href":"https:\/\/gotitarojabolivia.org.bo\/index.php?rest_route=%2Fwp%2Fv2%2Fproduct_cat&post=5053"},{"taxonomy":"product_tag","embeddable":true,"href":"https:\/\/gotitarojabolivia.org.bo\/index.php?rest_route=%2Fwp%2Fv2%2Fproduct_tag&post=5053"}],"curies":[{"name":"wp","href":"https:\/\/api.w.org\/{rel}","templated":true}]}}