{"id":10044,"date":"2026-02-26T18:41:55","date_gmt":"2026-02-26T14:41:55","guid":{"rendered":"https:\/\/gotitarojabolivia.org.bo\/?post_type=product&#038;p=10044"},"modified":"2026-02-26T18:41:55","modified_gmt":"2026-02-26T14:41:55","slug":"mantita-de-apego","status":"publish","type":"product","link":"https:\/\/gotitarojabolivia.org.bo\/?product=mantita-de-apego","title":{"rendered":"Mantita de Apego"},"content":{"rendered":"","protected":false},"excerpt":{"rendered":"<p>Tama\u00f1o: 30 x 30 cm.<\/p>\n<blockquote><p>Color: blanco, dise\u00f1os de ni\u00f1a o ni\u00f1o<\/p>\n[contact-form][contact-field label=\"Nombre\" type=\"name\"  required=\"true\" \/][contact-field label=\"Correo electr\u00f3nico\" type=\"email\" required=\"true\" \/][contact-field label=\"Web\" type=\"url\" \/][contact-field label=\"Mensaje\" type=\"textarea\" \/][\/contact-form]<\/blockquote>\n","protected":false},"featured_media":10026,"template":"","meta":{"_mi_skip_tracking":false,"neve_meta_sidebar":"","neve_meta_container":"","neve_meta_enable_content_width":"off","neve_meta_content_width":100,"neve_meta_title_alignment":"","neve_meta_author_avatar":"","neve_post_elements_order":"","neve_meta_disable_header":"","neve_meta_disable_footer":"","neve_meta_disable_title":"","_themeisle_gutenberg_block_has_review":false,"_ti_tpc_template_sync":false,"_ti_tpc_template_id":""},"product_brand":[],"product_cat":[43,26,44],"product_tag":[],"class_list":{"0":"post-10044","1":"product","2":"type-product","3":"status-publish","4":"has-post-thumbnail","6":"product_cat-dia-de-la-madre","7":"product_cat-para-ninos","8":"product_cat-pascua","10":"first","11":"instock","12":"shipping-taxable","13":"purchasable","14":"product-type-simple"},"jetpack_sharing_enabled":true,"_links":{"self":[{"href":"https:\/\/gotitarojabolivia.org.bo\/index.php?rest_route=\/wp\/v2\/product\/10044","targetHints":{"allow":["GET"]}}],"collection":[{"href":"https:\/\/gotitarojabolivia.org.bo\/index.php?rest_route=\/wp\/v2\/product"}],"about":[{"href":"https:\/\/gotitarojabolivia.org.bo\/index.php?rest_route=\/wp\/v2\/types\/product"}],"wp:featuredmedia":[{"embeddable":true,"href":"https:\/\/gotitarojabolivia.org.bo\/index.php?rest_route=\/wp\/v2\/media\/10026"}],"wp:attachment":[{"href":"https:\/\/gotitarojabolivia.org.bo\/index.php?rest_route=%2Fwp%2Fv2%2Fmedia&parent=10044"}],"wp:term":[{"taxonomy":"product_brand","embeddable":true,"href":"https:\/\/gotitarojabolivia.org.bo\/index.php?rest_route=%2Fwp%2Fv2%2Fproduct_brand&post=10044"},{"taxonomy":"product_cat","embeddable":true,"href":"https:\/\/gotitarojabolivia.org.bo\/index.php?rest_route=%2Fwp%2Fv2%2Fproduct_cat&post=10044"},{"taxonomy":"product_tag","embeddable":true,"href":"https:\/\/gotitarojabolivia.org.bo\/index.php?rest_route=%2Fwp%2Fv2%2Fproduct_tag&post=10044"}],"curies":[{"name":"wp","href":"https:\/\/api.w.org\/{rel}","templated":true}]}}