{"id":8495,"date":"2024-04-11T18:33:33","date_gmt":"2024-04-11T14:33:33","guid":{"rendered":"https:\/\/gotitarojabolivia.org.bo\/?page_id=8495"},"modified":"2024-06-25T20:14:24","modified_gmt":"2024-06-25T16:14:24","slug":"al-hospi-con-roberto","status":"publish","type":"page","link":"https:\/\/gotitarojabolivia.org.bo\/?page_id=8495","title":{"rendered":"Al hospi con Roberto"},"content":{"rendered":"\t\t<div data-elementor-type=\"wp-page\" data-elementor-id=\"8495\" class=\"elementor elementor-8495\">\n\t\t\t\t\t\t\t\t\t<section class=\"elementor-section elementor-top-section elementor-element elementor-element-256d842f elementor-section-full_width elementor-section-content-middle elementor-section-height-default elementor-section-height-default\" data-id=\"256d842f\" data-element_type=\"section\" data-settings=\"{&quot;background_background&quot;:&quot;slideshow&quot;,&quot;background_slideshow_gallery&quot;:[{&quot;id&quot;:8588,&quot;url&quot;:&quot;https:\\\/\\\/gotitarojabolivia.org.bo\\\/wp-content\\\/uploads\\\/2024\\\/04\\\/roberto3.jpg&quot;},{&quot;id&quot;:8597,&quot;url&quot;:&quot;https:\\\/\\\/gotitarojabolivia.org.bo\\\/wp-content\\\/uploads\\\/2024\\\/04\\\/roberto4.jpg&quot;},{&quot;id&quot;:8601,&quot;url&quot;:&quot;https:\\\/\\\/gotitarojabolivia.org.bo\\\/wp-content\\\/uploads\\\/2024\\\/04\\\/IMG_20240410_125749-scaled.jpg&quot;}],&quot;background_slideshow_loop&quot;:&quot;yes&quot;,&quot;background_slideshow_slide_duration&quot;:5000,&quot;background_slideshow_slide_transition&quot;:&quot;fade&quot;,&quot;background_slideshow_transition_duration&quot;:500}\">\n\t\t\t\t\t\t\t<div class=\"elementor-background-overlay\"><\/div>\n\t\t\t\t\t\t\t<div class=\"elementor-container elementor-column-gap-default\">\n\t\t\t\t\t<div class=\"elementor-column elementor-col-100 elementor-top-column elementor-element elementor-element-20b314aa\" data-id=\"20b314aa\" data-element_type=\"column\">\n\t\t\t<div class=\"elementor-widget-wrap elementor-element-populated\">\n\t\t\t\t\t\t\t\t<div class=\"elementor-element elementor-element-3bce26f4 intro-text elementor-widget elementor-widget-heading\" data-id=\"3bce26f4\" data-element_type=\"widget\" data-widget_type=\"heading.default\">\n\t\t\t\t<div class=\"elementor-widget-container\">\n\t\t\t<h1 class=\"elementor-heading-title elementor-size-default\">al hospi con roberto<\/h1>\t\t<\/div>\n\t\t\t\t<\/div>\n\t\t\t\t<div class=\"elementor-element elementor-element-6cb4beca elementor-align-center elementor-mobile-align-center elementor-widget elementor-widget-button\" data-id=\"6cb4beca\" data-element_type=\"widget\" data-widget_type=\"button.default\">\n\t\t\t\t<div class=\"elementor-widget-container\">\n\t\t\t\t\t<div class=\"elementor-button-wrapper\">\n\t\t\t<a class=\"elementor-button elementor-button-link elementor-size-md elementor-animation-pulse-grow\" href=\"https:\/\/gotitarojabolivia.org.bo\/?page_id=469\">\n\t\t\t\t\t\t<span class=\"elementor-button-content-wrapper\">\n\t\t\t\t\t\t<span class=\"elementor-button-icon elementor-align-icon-right\">\n\t\t\t\t<i aria-hidden=\"true\" class=\"fas fa-caret-right\"><\/i>\t\t\t<\/span>\n\t\t\t\t\t\t<span class=\"elementor-button-text\">DONAR<\/span>\n\t\t<\/span>\n\t\t\t\t\t<\/a>\n\t\t<\/div>\n\t\t\t\t<\/div>\n\t\t\t\t<\/div>\n\t\t\t\t\t<\/div>\n\t\t<\/div>\n\t\t\t\t\t\t\t<\/div>\n\t\t<\/section>\n\t\t\t\t<section class=\"elementor-section elementor-top-section elementor-element elementor-element-242cac elementor-section-content-middle elementor-section-boxed elementor-section-height-default elementor-section-height-default\" data-id=\"242cac\" data-element_type=\"section\">\n\t\t\t\t\t\t<div class=\"elementor-container elementor-column-gap-no\">\n\t\t\t\t\t<div class=\"elementor-column elementor-col-50 elementor-top-column elementor-element elementor-element-57833a4b\" data-id=\"57833a4b\" data-element_type=\"column\">\n\t\t\t<div class=\"elementor-widget-wrap elementor-element-populated\">\n\t\t\t\t\t\t\t\t<div class=\"elementor-element elementor-element-58b2c3d2 elementor-widget elementor-widget-heading\" data-id=\"58b2c3d2\" data-element_type=\"widget\" data-widget_type=\"heading.default\">\n\t\t\t\t<div class=\"elementor-widget-container\">\n\t\t\t<h4 class=\"elementor-heading-title elementor-size-default\">\u201cAl Hospi con Roberto\u201d<\/h4>\t\t<\/div>\n\t\t\t\t<\/div>\n\t\t\t\t<div class=\"elementor-element elementor-element-6dbf4702 elementor-widget elementor-widget-text-editor\" data-id=\"6dbf4702\" data-element_type=\"widget\" data-widget_type=\"text-editor.default\">\n\t\t\t\t<div class=\"elementor-widget-container\">\n\t\t\t\t\t\t\t<p><span style=\"color: #000000;\">Nace cuando la Psicoonc\u00f3loga de I.O.O.B., Giordana Carre\u00f1o, encuentra un peluche sucio y descuidado en un rinc\u00f3n del Hospital, decide usarlo como herramienta de trabajo en las salas de pediatr\u00eda para ver c\u00f3mo reaccionan los chicos con la intenci\u00f3n de que ayude\u00a0 a los ni\u00f1os y j\u00f3venes que no se comunican o no se desenvuelven con facilidad. Para sorpresa del departamento de psicolog\u00eda, en esa \u00e9poca hace dos a\u00f1os o tres atr\u00e1s, fue posible trabajar mucho con este mu\u00f1eco; especialmente con los ni\u00f1os; para explicar los procedimientos m\u00e9dicos que se realizan y que puedan entender lo que est\u00e1 pasando en su cuerpo.<\/span><\/p><p><span style=\"color: #000000;\">El mu\u00f1eco lleg\u00f3 a las manos de Suzzete; una paciente de 13 a\u00f1os que no est\u00e1 m\u00e1s con nosotros; a la cual le cambio la vida.<\/span><\/p><p><span style=\"color: #000000;\">Suzzete le dio vida al mu\u00f1eco le puso de nombre \u201cRoberto\u201d le hizo su batita le bord\u00f3 el logo del I.O.O.B. y descubrimos que cantaban juntos, Suzzete hac\u00eda la voz de var\u00f3n (Roberto) y la voz de mujer ella misma.<\/span><\/p>\t\t\t\t\t\t<\/div>\n\t\t\t\t<\/div>\n\t\t\t\t\t<\/div>\n\t\t<\/div>\n\t\t\t\t<div class=\"elementor-column elementor-col-50 elementor-top-column elementor-element elementor-element-50bb48f4\" data-id=\"50bb48f4\" data-element_type=\"column\">\n\t\t\t<div class=\"elementor-widget-wrap elementor-element-populated\">\n\t\t\t\t\t\t\t\t<div class=\"elementor-element elementor-element-42443fe3 elementor-widget elementor-widget-video\" data-id=\"42443fe3\" data-element_type=\"widget\" data-settings=\"{&quot;youtube_url&quot;:&quot;https:\\\/\\\/youtu.be\\\/LVqyHcd344Y&quot;,&quot;video_type&quot;:&quot;youtube&quot;,&quot;controls&quot;:&quot;yes&quot;}\" data-widget_type=\"video.default\">\n\t\t\t\t<div class=\"elementor-widget-container\">\n\t\t\t\t\t<div class=\"elementor-wrapper elementor-open-inline\">\n\t\t\t<div class=\"elementor-video\"><\/div>\t\t<\/div>\n\t\t\t\t<\/div>\n\t\t\t\t<\/div>\n\t\t\t\t\t<\/div>\n\t\t<\/div>\n\t\t\t\t\t\t\t<\/div>\n\t\t<\/section>\n\t\t\t\t<section class=\"elementor-section elementor-top-section elementor-element elementor-element-f82c12b elementor-section-boxed elementor-section-height-default elementor-section-height-default\" data-id=\"f82c12b\" data-element_type=\"section\">\n\t\t\t\t\t\t<div class=\"elementor-container elementor-column-gap-default\">\n\t\t\t\t\t<div class=\"elementor-column elementor-col-100 elementor-top-column elementor-element elementor-element-0ec6013\" data-id=\"0ec6013\" data-element_type=\"column\">\n\t\t\t<div class=\"elementor-widget-wrap elementor-element-populated\">\n\t\t\t\t\t\t\t\t<div class=\"elementor-element elementor-element-3538660 elementor-widget elementor-widget-text-editor\" data-id=\"3538660\" data-element_type=\"widget\" data-widget_type=\"text-editor.default\">\n\t\t\t\t<div class=\"elementor-widget-container\">\n\t\t\t\t\t\t\t<p><span style=\"color: #000000;\">Este hecho hace que Giordana analice la relevancia de Roberto en los pacientes e idea la r\u00e9plica de Roberto para todos los ni\u00f1os nuevos dentro del Hospital. Giordana propone el proyecto a Gotita Roja para que sea realizado por las mam\u00e1s que hacen productos en costura, despu\u00e9s de varios prototipos logramos un Roberto que tenga unos cierres en determinados lugares del cuerpo donde los ni\u00f1os tendr\u00e1n procedimientos importantes, paralelamente a esto surge la idea de pedir autorizaci\u00f3n a la Fundaci\u00f3n Flexer en Argentina para acondicionar una gu\u00eda de su propiedad, la misma deber\u00eda ser acondicionada a nuestra cultura, nuestra gente.<\/span><\/p>\n<p><span style=\"color: #000000;\">Con las ideas y las ganas de armar algo lindo nos fuimos de visita a la Editorial La Hoguera donde Alfonso Cort\u00e9s nos recibi\u00f3 con alegr\u00eda y dispuesto a ser parte de este lindo proyecto, donando su tiempo, conocimiento e involucrando al staff de la editorial. As\u00ed iniciamos la tareas de acondicionar la gu\u00eda, de incluir a Roberto en las p\u00e1ginas, despu\u00e9s de meses de trabajo, Alfonso nos informa que la gu\u00eda esta lista y llega a Gotita con 500 ejemplares, durante el proceso de elaboraci\u00f3n de Roberto y de la gu\u00eda, se va uniendo m\u00e1s gente y empresas logrando armar un kit de bienvenida que incluye una mochila, un mu\u00f1eco Roberto, un antifaz sue\u00f1o, un equipo de m\u00e9dico; hecho por las mamas de Gotita; que incluye un estetoscopio, suero y cat\u00e9ter para una mejor explicaci\u00f3n de los procedimientos, colores donados por Acricolor y material escolar.<\/span><\/p>\t\t\t\t\t\t<\/div>\n\t\t\t\t<\/div>\n\t\t\t\t\t<\/div>\n\t\t<\/div>\n\t\t\t\t\t\t\t<\/div>\n\t\t<\/section>\n\t\t\t\t<section class=\"elementor-section elementor-top-section elementor-element elementor-element-a512272 elementor-section-boxed elementor-section-height-default elementor-section-height-default\" data-id=\"a512272\" data-element_type=\"section\">\n\t\t\t\t\t\t<div class=\"elementor-container elementor-column-gap-default\">\n\t\t\t\t\t<div class=\"elementor-column elementor-col-50 elementor-top-column elementor-element elementor-element-ac74271\" data-id=\"ac74271\" data-element_type=\"column\">\n\t\t\t<div class=\"elementor-widget-wrap elementor-element-populated\">\n\t\t\t\t\t\t\t\t<div class=\"elementor-element elementor-element-cfd440e elementor-position-left elementor-vertical-align-top elementor-widget elementor-widget-image-box\" data-id=\"cfd440e\" data-element_type=\"widget\" data-widget_type=\"image-box.default\">\n\t\t\t\t<div class=\"elementor-widget-container\">\n\t\t\t<div class=\"elementor-image-box-wrapper\"><figure class=\"elementor-image-box-img\"><a href=\"https:\/\/gotitarojabolivia.org.bo\/wp-content\/uploads\/2024\/06\/guiaPsicopedagogica-1.pdf\" target=\"_blank\"><img loading=\"lazy\" decoding=\"async\" width=\"1903\" height=\"2560\" src=\"https:\/\/i0.wp.com\/gotitarojabolivia.org.bo\/wp-content\/uploads\/2024\/06\/guia-scaled.jpg?fit=1903%2C2560&amp;ssl=1\" class=\"attachment-full size-full wp-image-8912\" alt=\"\" srcset=\"https:\/\/i0.wp.com\/gotitarojabolivia.org.bo\/wp-content\/uploads\/2024\/06\/guia-scaled.jpg?w=1903&amp;ssl=1 1903w, https:\/\/i0.wp.com\/gotitarojabolivia.org.bo\/wp-content\/uploads\/2024\/06\/guia-scaled.jpg?resize=223%2C300&amp;ssl=1 223w, https:\/\/i0.wp.com\/gotitarojabolivia.org.bo\/wp-content\/uploads\/2024\/06\/guia-scaled.jpg?resize=761%2C1024&amp;ssl=1 761w, https:\/\/i0.wp.com\/gotitarojabolivia.org.bo\/wp-content\/uploads\/2024\/06\/guia-scaled.jpg?resize=768%2C1033&amp;ssl=1 768w, https:\/\/i0.wp.com\/gotitarojabolivia.org.bo\/wp-content\/uploads\/2024\/06\/guia-scaled.jpg?resize=1142%2C1536&amp;ssl=1 1142w, https:\/\/i0.wp.com\/gotitarojabolivia.org.bo\/wp-content\/uploads\/2024\/06\/guia-scaled.jpg?resize=1522%2C2048&amp;ssl=1 1522w, https:\/\/i0.wp.com\/gotitarojabolivia.org.bo\/wp-content\/uploads\/2024\/06\/guia-scaled.jpg?resize=1320%2C1776&amp;ssl=1 1320w, https:\/\/i0.wp.com\/gotitarojabolivia.org.bo\/wp-content\/uploads\/2024\/06\/guia-scaled.jpg?resize=600%2C807&amp;ssl=1 600w\" sizes=\"auto, (max-width: 1200px) 100vw, 1200px\" \/><\/a><\/figure><div class=\"elementor-image-box-content\"><h3 class=\"elementor-image-box-title\"><a href=\"https:\/\/gotitarojabolivia.org.bo\/wp-content\/uploads\/2024\/06\/guiaPsicopedagogica-1.pdf\" target=\"_blank\">Gu\u00eda pedag\u00f3gica<\/a><\/h3><p class=\"elementor-image-box-description\">Con gran valor instructivo, un trabajo que la autora entrega de manera generosa para todos aquellos ni\u00f1os con c\u00e1ncer que han tenido dificultades para asistir a la escuela de forma regular.<\/p><\/div><\/div>\t\t<\/div>\n\t\t\t\t<\/div>\n\t\t\t\t\t<\/div>\n\t\t<\/div>\n\t\t\t\t<div class=\"elementor-column elementor-col-50 elementor-top-column elementor-element elementor-element-ac27859\" data-id=\"ac27859\" data-element_type=\"column\">\n\t\t\t<div class=\"elementor-widget-wrap elementor-element-populated\">\n\t\t\t\t\t\t\t\t<div class=\"elementor-element elementor-element-231ac08 elementor-position-left elementor-vertical-align-top elementor-widget elementor-widget-image-box\" data-id=\"231ac08\" data-element_type=\"widget\" data-widget_type=\"image-box.default\">\n\t\t\t\t<div class=\"elementor-widget-container\">\n\t\t\t<div class=\"elementor-image-box-wrapper\"><figure class=\"elementor-image-box-img\"><a href=\"https:\/\/gotitarojabolivia.org.bo\/wp-content\/uploads\/2024\/06\/Al-Hospi-con-Roberto-merged-2024.pdf\" target=\"_blank\"><img loading=\"lazy\" decoding=\"async\" width=\"1903\" height=\"2560\" src=\"https:\/\/i0.wp.com\/gotitarojabolivia.org.bo\/wp-content\/uploads\/2024\/06\/guia2-scaled.jpg?fit=1903%2C2560&amp;ssl=1\" class=\"attachment-full size-full wp-image-8915\" alt=\"\" srcset=\"https:\/\/i0.wp.com\/gotitarojabolivia.org.bo\/wp-content\/uploads\/2024\/06\/guia2-scaled.jpg?w=1903&amp;ssl=1 1903w, https:\/\/i0.wp.com\/gotitarojabolivia.org.bo\/wp-content\/uploads\/2024\/06\/guia2-scaled.jpg?resize=223%2C300&amp;ssl=1 223w, https:\/\/i0.wp.com\/gotitarojabolivia.org.bo\/wp-content\/uploads\/2024\/06\/guia2-scaled.jpg?resize=761%2C1024&amp;ssl=1 761w, https:\/\/i0.wp.com\/gotitarojabolivia.org.bo\/wp-content\/uploads\/2024\/06\/guia2-scaled.jpg?resize=768%2C1033&amp;ssl=1 768w, https:\/\/i0.wp.com\/gotitarojabolivia.org.bo\/wp-content\/uploads\/2024\/06\/guia2-scaled.jpg?resize=1142%2C1536&amp;ssl=1 1142w, https:\/\/i0.wp.com\/gotitarojabolivia.org.bo\/wp-content\/uploads\/2024\/06\/guia2-scaled.jpg?resize=1522%2C2048&amp;ssl=1 1522w, https:\/\/i0.wp.com\/gotitarojabolivia.org.bo\/wp-content\/uploads\/2024\/06\/guia2-scaled.jpg?resize=1320%2C1776&amp;ssl=1 1320w, https:\/\/i0.wp.com\/gotitarojabolivia.org.bo\/wp-content\/uploads\/2024\/06\/guia2-scaled.jpg?resize=600%2C807&amp;ssl=1 600w\" sizes=\"auto, (max-width: 1200px) 100vw, 1200px\" \/><\/a><\/figure><div class=\"elementor-image-box-content\"><h3 class=\"elementor-image-box-title\"><a href=\"https:\/\/gotitarojabolivia.org.bo\/wp-content\/uploads\/2024\/06\/Al-Hospi-con-Roberto-merged-2024.pdf\" target=\"_blank\">Al Hospi con Roberto<\/a><\/h3><p class=\"elementor-image-box-description\">Este libro est\u00e1 pensado para ayudar a los ni\u00f1os a familiarizarse con la rutina del hospital y con la del tratamiento.<\/p><\/div><\/div>\t\t<\/div>\n\t\t\t\t<\/div>\n\t\t\t\t\t<\/div>\n\t\t<\/div>\n\t\t\t\t\t\t\t<\/div>\n\t\t<\/section>\n\t\t\t\t<section class=\"elementor-section elementor-top-section elementor-element elementor-element-11e88c68 elementor-section-content-middle elementor-section-boxed elementor-section-height-default elementor-section-height-default\" data-id=\"11e88c68\" data-element_type=\"section\">\n\t\t\t\t\t\t<div class=\"elementor-container elementor-column-gap-no\">\n\t\t\t\t\t<div class=\"elementor-column elementor-col-50 elementor-top-column elementor-element elementor-element-7a7471e9\" data-id=\"7a7471e9\" data-element_type=\"column\">\n\t\t\t<div class=\"elementor-widget-wrap elementor-element-populated\">\n\t\t\t\t\t\t\t\t<div class=\"elementor-element elementor-element-22d3d9b6 elementor-widget elementor-widget-image\" data-id=\"22d3d9b6\" data-element_type=\"widget\" data-widget_type=\"image.default\">\n\t\t\t\t<div class=\"elementor-widget-container\">\n\t\t\t\t\t\t\t\t\t\t\t\t\t\t\t<img loading=\"lazy\" decoding=\"async\" width=\"1244\" height=\"1600\" src=\"https:\/\/i0.wp.com\/gotitarojabolivia.org.bo\/wp-content\/uploads\/2024\/03\/WhatsApp-Image-2024-03-01-at-21.28.42-1.jpeg?fit=1244%2C1600&amp;ssl=1\" class=\"attachment-full size-full wp-image-8457\" alt=\"\" srcset=\"https:\/\/i0.wp.com\/gotitarojabolivia.org.bo\/wp-content\/uploads\/2024\/03\/WhatsApp-Image-2024-03-01-at-21.28.42-1.jpeg?w=1244&amp;ssl=1 1244w, https:\/\/i0.wp.com\/gotitarojabolivia.org.bo\/wp-content\/uploads\/2024\/03\/WhatsApp-Image-2024-03-01-at-21.28.42-1.jpeg?resize=233%2C300&amp;ssl=1 233w, https:\/\/i0.wp.com\/gotitarojabolivia.org.bo\/wp-content\/uploads\/2024\/03\/WhatsApp-Image-2024-03-01-at-21.28.42-1.jpeg?resize=796%2C1024&amp;ssl=1 796w, https:\/\/i0.wp.com\/gotitarojabolivia.org.bo\/wp-content\/uploads\/2024\/03\/WhatsApp-Image-2024-03-01-at-21.28.42-1.jpeg?resize=768%2C988&amp;ssl=1 768w, https:\/\/i0.wp.com\/gotitarojabolivia.org.bo\/wp-content\/uploads\/2024\/03\/WhatsApp-Image-2024-03-01-at-21.28.42-1.jpeg?resize=1194%2C1536&amp;ssl=1 1194w, https:\/\/i0.wp.com\/gotitarojabolivia.org.bo\/wp-content\/uploads\/2024\/03\/WhatsApp-Image-2024-03-01-at-21.28.42-1.jpeg?resize=600%2C772&amp;ssl=1 600w\" sizes=\"auto, (max-width: 1200px) 100vw, 1200px\" \/>\t\t\t\t\t\t\t\t\t\t\t\t\t\t\t<\/div>\n\t\t\t\t<\/div>\n\t\t\t\t\t<\/div>\n\t\t<\/div>\n\t\t\t\t<div class=\"elementor-column elementor-col-50 elementor-top-column elementor-element elementor-element-558d0b38\" data-id=\"558d0b38\" data-element_type=\"column\">\n\t\t\t<div class=\"elementor-widget-wrap elementor-element-populated\">\n\t\t\t\t\t\t\t\t<div class=\"elementor-element elementor-element-ad97e elementor-widget elementor-widget-heading\" data-id=\"ad97e\" data-element_type=\"widget\" data-widget_type=\"heading.default\">\n\t\t\t\t<div class=\"elementor-widget-container\">\n\t\t\t<h4 class=\"elementor-heading-title elementor-size-default\">\u00a1C\u00f3mo funciona!<\/h4>\t\t<\/div>\n\t\t\t\t<\/div>\n\t\t\t\t<div class=\"elementor-element elementor-element-972c7c6 elementor-widget elementor-widget-text-editor\" data-id=\"972c7c6\" data-element_type=\"widget\" data-widget_type=\"text-editor.default\">\n\t\t\t\t<div class=\"elementor-widget-container\">\n\t\t\t\t\t\t\t<p><strong><span style=\"color: #333333;\"><em>Si t\u00fa depositas 150 bs a las cuentas de Gotita aseguras que un paciente de pediatr\u00eda reciba un kit de bienvenida totalmente gratuito. Sin el apoyo de la poblaci\u00f3n, no ser\u00e1 posible donar las mochilas a los pacientes nuevos.<\/em><\/span><\/strong><\/p><p><span style=\"color: #333333;\">La difusi\u00f3n de este proyecto estar\u00e1 a cargo de Farmacias Ch\u00e1vez, la recaudaci\u00f3n de la donaci\u00f3n ser\u00e1 efectuada en sus instalaciones, mediante nuestra p\u00e1gina web y nuestras redes sociales, farmacias Ch\u00e1vez difundir\u00e1n mediante videos y folleter\u00eda.<\/span><\/p><p><span style=\"color: #333333;\"><strong>\u00abSobrinos\u00bb<\/strong>, una productora nacional, son los responsables del lindo video que ser\u00e1 difundido en todas nuestras redes.<\/span><\/p>\t\t\t\t\t\t<\/div>\n\t\t\t\t<\/div>\n\t\t\t\t<div class=\"elementor-element elementor-element-75b029f0 elementor-view-stacked elementor-shape-circle elementor-mobile-position-top elementor-vertical-align-top elementor-widget elementor-widget-icon-box\" data-id=\"75b029f0\" data-element_type=\"widget\" data-widget_type=\"icon-box.default\">\n\t\t\t\t<div class=\"elementor-widget-container\">\n\t\t\t\t\t<div class=\"elementor-icon-box-wrapper\">\n\t\t\t\t\t\t<div class=\"elementor-icon-box-icon\">\n\t\t\t\t<a class=\"elementor-icon elementor-animation-\" href=\"https:\/\/wa.me\/59177051111\">\n\t\t\t\t<i aria-hidden=\"true\" class=\"fab fa-whatsapp\"><\/i>\t\t\t\t<\/a>\n\t\t\t<\/div>\n\t\t\t\t\t\t<div class=\"elementor-icon-box-content\">\n\t\t\t\t<h3 class=\"elementor-icon-box-title\">\n\t\t\t\t\t<a href=\"https:\/\/wa.me\/59177051111\" >\n\t\t\t\t\t\t591-77051111\t\t\t\t\t<\/a>\n\t\t\t\t<\/h3>\n\t\t\t\t\t\t\t\t\t<p class=\"elementor-icon-box-description\">\n\t\t\t\t\t\tPara enviar tu comprobante o s\u00ed tienes alguna duda\t\t\t\t\t<\/p>\n\t\t\t\t\t\t\t<\/div>\n\t\t<\/div>\n\t\t\t\t<\/div>\n\t\t\t\t<\/div>\n\t\t\t\t\t<\/div>\n\t\t<\/div>\n\t\t\t\t\t\t\t<\/div>\n\t\t<\/section>\n\t\t\t\t\t\t\t<\/div>\n\t\t","protected":false},"excerpt":{"rendered":"<p>al hospi con roberto DONAR \u201cAl Hospi con Roberto\u201d Nace cuando la Psicoonc\u00f3loga de I.O.O.B., Giordana Carre\u00f1o, encuentra un peluche sucio y descuidado en un rinc\u00f3n del Hospital, decide usarlo como herramienta de trabajo en las salas de pediatr\u00eda para ver c\u00f3mo reaccionan los chicos con la intenci\u00f3n de que ayude\u00a0 a los ni\u00f1os y&hellip;&nbsp;<a href=\"https:\/\/gotitarojabolivia.org.bo\/?page_id=8495\" class=\"\" rel=\"bookmark\">Leer m\u00e1s &raquo;<span class=\"screen-reader-text\">Al hospi con Roberto<\/span><\/a><\/p>\n","protected":false},"author":1,"featured_media":0,"parent":0,"menu_order":0,"comment_status":"closed","ping_status":"closed","template":"","meta":{"_mi_skip_tracking":false,"neve_meta_sidebar":"","neve_meta_container":"full-width","neve_meta_enable_content_width":"","neve_meta_content_width":0,"neve_meta_title_alignment":"","neve_meta_author_avatar":"","neve_post_elements_order":"","neve_meta_disable_header":"off","neve_meta_disable_footer":"","neve_meta_disable_title":"on","_themeisle_gutenberg_block_has_review":false,"_ti_tpc_template_sync":false,"_ti_tpc_template_id":"","footnotes":""},"class_list":["post-8495","page","type-page","status-publish","hentry"],"jetpack_sharing_enabled":true,"_links":{"self":[{"href":"https:\/\/gotitarojabolivia.org.bo\/index.php?rest_route=\/wp\/v2\/pages\/8495","targetHints":{"allow":["GET"]}}],"collection":[{"href":"https:\/\/gotitarojabolivia.org.bo\/index.php?rest_route=\/wp\/v2\/pages"}],"about":[{"href":"https:\/\/gotitarojabolivia.org.bo\/index.php?rest_route=\/wp\/v2\/types\/page"}],"author":[{"embeddable":true,"href":"https:\/\/gotitarojabolivia.org.bo\/index.php?rest_route=\/wp\/v2\/users\/1"}],"replies":[{"embeddable":true,"href":"https:\/\/gotitarojabolivia.org.bo\/index.php?rest_route=%2Fwp%2Fv2%2Fcomments&post=8495"}],"version-history":[{"count":104,"href":"https:\/\/gotitarojabolivia.org.bo\/index.php?rest_route=\/wp\/v2\/pages\/8495\/revisions"}],"predecessor-version":[{"id":8941,"href":"https:\/\/gotitarojabolivia.org.bo\/index.php?rest_route=\/wp\/v2\/pages\/8495\/revisions\/8941"}],"wp:attachment":[{"href":"https:\/\/gotitarojabolivia.org.bo\/index.php?rest_route=%2Fwp%2Fv2%2Fmedia&parent=8495"}],"curies":[{"name":"wp","href":"https:\/\/api.w.org\/{rel}","templated":true}]}}