{"id":45,"date":"2020-04-24T02:50:48","date_gmt":"2020-04-24T00:50:48","guid":{"rendered":"http:\/\/franz.usfx.bo\/wordpress\/?page_id=45"},"modified":"2021-07-11T04:28:31","modified_gmt":"2021-07-11T00:28:31","slug":"super-quimio","status":"publish","type":"page","link":"https:\/\/gotitarojabolivia.org.bo\/?page_id=45","title":{"rendered":"S\u00faper Quimio"},"content":{"rendered":"\t\t<div data-elementor-type=\"wp-page\" data-elementor-id=\"45\" class=\"elementor elementor-45\">\n\t\t\t\t\t\t\t\t\t<section class=\"elementor-section elementor-top-section elementor-element elementor-element-7d16d4da elementor-section-full_width elementor-section-content-middle elementor-section-height-default elementor-section-height-default\" data-id=\"7d16d4da\" data-element_type=\"section\" data-settings=\"{&quot;background_background&quot;:&quot;slideshow&quot;,&quot;background_slideshow_gallery&quot;:[{&quot;id&quot;:837,&quot;url&quot;:&quot;http:\\\/\\\/www.gotitarojabolivia.org.bo\\\/wp-content\\\/uploads\\\/2020\\\/05\\\/quimio21.jpg&quot;},{&quot;id&quot;:836,&quot;url&quot;:&quot;http:\\\/\\\/www.gotitarojabolivia.org.bo\\\/wp-content\\\/uploads\\\/2020\\\/05\\\/quimio11.jpg&quot;},{&quot;id&quot;:835,&quot;url&quot;:&quot;http:\\\/\\\/www.gotitarojabolivia.org.bo\\\/wp-content\\\/uploads\\\/2020\\\/05\\\/quimio31.jpg&quot;}],&quot;background_slideshow_slide_transition&quot;:&quot;slide_left&quot;,&quot;background_slideshow_loop&quot;:&quot;yes&quot;,&quot;background_slideshow_slide_duration&quot;:5000,&quot;background_slideshow_transition_duration&quot;:500}\">\n\t\t\t\t\t\t\t<div class=\"elementor-background-overlay\"><\/div>\n\t\t\t\t\t\t\t<div class=\"elementor-container elementor-column-gap-default\">\n\t\t\t\t\t<div class=\"elementor-column elementor-col-100 elementor-top-column elementor-element elementor-element-54a74c50\" data-id=\"54a74c50\" data-element_type=\"column\">\n\t\t\t<div class=\"elementor-widget-wrap elementor-element-populated\">\n\t\t\t\t\t\t\t\t<div class=\"elementor-element elementor-element-3058e388 intro-text elementor-widget elementor-widget-heading\" data-id=\"3058e388\" data-element_type=\"widget\" data-widget_type=\"heading.default\">\n\t\t\t\t<div class=\"elementor-widget-container\">\n\t\t\t<h1 class=\"elementor-heading-title elementor-size-default\">\u201cA veces sentimos que lo que hacemos es tan solo una gota en el mar, pero el mar ser\u00eda menos si le faltara una gota\u201d. Teresa de Calcuta.<\/h1>\t\t<\/div>\n\t\t\t\t<\/div>\n\t\t\t\t<div class=\"elementor-element elementor-element-4201d9e4 elementor-align-center elementor-mobile-align-center elementor-widget elementor-widget-button\" data-id=\"4201d9e4\" data-element_type=\"widget\" data-widget_type=\"button.default\">\n\t\t\t\t<div class=\"elementor-widget-container\">\n\t\t\t\t\t<div class=\"elementor-button-wrapper\">\n\t\t\t<a class=\"elementor-button elementor-button-link elementor-size-md elementor-animation-pulse-grow\" href=\"https:\/\/gotitarojabolivia.org.bo\/?page_id=469\">\n\t\t\t\t\t\t<span class=\"elementor-button-content-wrapper\">\n\t\t\t\t\t\t<span class=\"elementor-button-icon elementor-align-icon-right\">\n\t\t\t\t<i aria-hidden=\"true\" class=\"fas fa-caret-right\"><\/i>\t\t\t<\/span>\n\t\t\t\t\t\t<span class=\"elementor-button-text\">DONAR<\/span>\n\t\t<\/span>\n\t\t\t\t\t<\/a>\n\t\t<\/div>\n\t\t\t\t<\/div>\n\t\t\t\t<\/div>\n\t\t\t\t\t<\/div>\n\t\t<\/div>\n\t\t\t\t\t\t\t<\/div>\n\t\t<\/section>\n\t\t\t\t<section class=\"elementor-section elementor-top-section elementor-element elementor-element-56650fc8 elementor-section-boxed elementor-section-height-default elementor-section-height-default\" data-id=\"56650fc8\" data-element_type=\"section\">\n\t\t\t\t\t\t<div class=\"elementor-container elementor-column-gap-default\">\n\t\t\t\t\t<div class=\"elementor-column elementor-col-100 elementor-top-column elementor-element elementor-element-51f13a58\" data-id=\"51f13a58\" data-element_type=\"column\">\n\t\t\t<div class=\"elementor-widget-wrap elementor-element-populated\">\n\t\t\t\t\t\t\t\t<div class=\"elementor-element elementor-element-10690f1 elementor-widget elementor-widget-heading\" data-id=\"10690f1\" data-element_type=\"widget\" data-widget_type=\"heading.default\">\n\t\t\t\t<div class=\"elementor-widget-container\">\n\t\t\t<h2 class=\"elementor-heading-title elementor-size-default\">Proyecto S\u00faper - Quimio<\/h2>\t\t<\/div>\n\t\t\t\t<\/div>\n\t\t\t\t<div class=\"elementor-element elementor-element-78d65c56 elementor-widget elementor-widget-text-editor\" data-id=\"78d65c56\" data-element_type=\"widget\" data-widget_type=\"text-editor.default\">\n\t\t\t\t<div class=\"elementor-widget-container\">\n\t\t\t\t\t\t\t<p>El proyecto \u00abS\u00faper Quimio\u00bb nace el a\u00f1o 2012, tiene el objetivo de apoyar a los pacientes adultos con medicamentos de quimioterapia y evitar el abandono del tratamiento, debido al elevado costo de los medicamentos y la ausencia de proyectos p\u00fablicos que brinden de forma gratuita un tratamiento completo con c\u00e1ncer, los pacientes se ven obligados a hacer abandono de sus tratamientos y en algunos casos al enterarse del costo en promedio de su tratamiento ni lo inician. Muchos vienen de ciudades y pueblos alejados de Bolivia con una luz de esperanza, abandonando familia, trabajo, y esperamos que sean acogidos por alguna instituci\u00f3n de apoyo.<\/p><p>Super Quimio est\u00e1 principalmente dirigido a los adolescentes con leucemia, del sector adulto del Instituto Oncol\u00f3gico del Oriente Boliviano, sin embargo se brinda apoyo en lo que es posible a otros pacientes que lo requieran.<\/p><p>Todos los pacientes son referidos por los m\u00e9dicos\u00a0 y el departamento de trabajo social, profesionales que est\u00e1n informados sobre el estado socioecon\u00f3mico del paciente y su vulnerabilidad respecto a la enfermedad y los recursos.<\/p><p>Gotita Roja se asegura que los pacientes que apoya reciban los mejores medicamentos existentes en la ciudad, para ellos solo realiza las compras de laboratorios legalmente establecidos, con algunos descuentos especiales que nos permiten apoyar a mas pacientes. Es importante resaltar que existen medicamentos que no llegan a nuestro pa\u00eds de forma legal, en estos casos no es posible que Gotita Roja apoye.<\/p><p>Los pacientes que son beneficiados por Gotita Roja fieman una ficha por la recepci\u00f3n del medicamento y el mismo es entregado a cambio de la receta original, esto nos permite hacer un control exacto de las donaciones.<\/p><p>Resulta dif\u00edcil para la Asociaci\u00f3n enfrentarse diariamente con pacientes que precisan el medicamento, pero que no es posible ayudar por falta de recursos.<\/p><p>Por todo lo expuesto es importante tu apoyo.<\/p><p>Existen dos formas de apoyo en S\u00faper Quimio.<\/p><ul><li>Apadrinamiento de pacientes: Con el objetivo de que los pacientes apadrinados salgan adelante con su tratamiento, se realiza el llenado de una ficha social, y la firma de un compromiso de cumplimiento de las instrucciones de m\u00e9dicos, enfermeras, psic\u00f3logos por los cuales son atendidos. Esto nos permite tener un compromiso real del paciente de concluir su tratamiento, se hace hincapi\u00e9 en la importancia de tomar conciencia de la situaci\u00f3n y de que nuestro apoyo no puede ser mal aprovechado. En caso de que los pacientes abandonen el tratamiento autom\u00e1ticamente pierden el padrinazgo, lo cual permite a otro paciente ingresar al proyecto, resaltamos que hasta la fecha hemos tenido solamente dos pacientes con abandono, se intenta hacer visitas domiciliarias en compa\u00f1\u00eda de Trabajadoras Sociales para lograr un apoyo m\u00e1s integral y a futuro est\u00e1 pensado en implementar un servicio completo de asistencia. A la fecha se han apadrinado 80 pacientes con distintos diagn\u00f3sticos.<\/li><li>S\u00faper Quimio tambi\u00e9n apoya a pacientes de distintos diagn\u00f3sticos que no cuenten con recursos para comprar sus medicamentos. <\/li><\/ul>\t\t\t\t\t\t<\/div>\n\t\t\t\t<\/div>\n\t\t\t\t\t<\/div>\n\t\t<\/div>\n\t\t\t\t\t\t\t<\/div>\n\t\t<\/section>\n\t\t\t\t<section class=\"elementor-section elementor-top-section elementor-element elementor-element-623038d3 elementor-section-boxed elementor-section-height-default elementor-section-height-default\" data-id=\"623038d3\" data-element_type=\"section\" data-settings=\"{&quot;background_background&quot;:&quot;classic&quot;}\">\n\t\t\t\t\t\t<div class=\"elementor-container elementor-column-gap-no\">\n\t\t\t\t\t<div class=\"elementor-column elementor-col-20 elementor-top-column elementor-element elementor-element-535d39ec\" data-id=\"535d39ec\" data-element_type=\"column\">\n\t\t\t<div class=\"elementor-widget-wrap elementor-element-populated\">\n\t\t\t\t\t\t\t\t<div class=\"elementor-element elementor-element-5620847e elementor-view-default elementor-widget elementor-widget-icon\" data-id=\"5620847e\" data-element_type=\"widget\" data-widget_type=\"icon.default\">\n\t\t\t\t<div class=\"elementor-widget-container\">\n\t\t\t\t\t<div class=\"elementor-icon-wrapper\">\n\t\t\t<a class=\"elementor-icon\" href=\"https:\/\/gotitarojabolivia.org.bo\/contacto\/\" target=\"_blank\">\n\t\t\t<i aria-hidden=\"true\" class=\"fas fa-map-marker-alt\"><\/i>\t\t\t<\/a>\n\t\t<\/div>\n\t\t\t\t<\/div>\n\t\t\t\t<\/div>\n\t\t\t\t<div class=\"elementor-element elementor-element-bc88c96 elementor-widget elementor-widget-text-editor\" data-id=\"bc88c96\" data-element_type=\"widget\" data-widget_type=\"text-editor.default\">\n\t\t\t\t<div class=\"elementor-widget-container\">\n\t\t\t\t\t\t\t<p>Santa Cruz &#8211; Bolivia<\/p>\t\t\t\t\t\t<\/div>\n\t\t\t\t<\/div>\n\t\t\t\t\t<\/div>\n\t\t<\/div>\n\t\t\t\t<div class=\"elementor-column elementor-col-20 elementor-top-column elementor-element elementor-element-1f2f8b3e\" data-id=\"1f2f8b3e\" data-element_type=\"column\">\n\t\t\t<div class=\"elementor-widget-wrap elementor-element-populated\">\n\t\t\t\t\t\t\t\t<div class=\"elementor-element elementor-element-49fc4b10 elementor-view-default elementor-widget elementor-widget-icon\" data-id=\"49fc4b10\" data-element_type=\"widget\" data-widget_type=\"icon.default\">\n\t\t\t\t<div class=\"elementor-widget-container\">\n\t\t\t\t\t<div class=\"elementor-icon-wrapper\">\n\t\t\t<a class=\"elementor-icon\" href=\"mailto:gotitarojabolivia@hotmail.com\" target=\"_blank\">\n\t\t\t<i aria-hidden=\"true\" class=\"fas fa-envelope\"><\/i>\t\t\t<\/a>\n\t\t<\/div>\n\t\t\t\t<\/div>\n\t\t\t\t<\/div>\n\t\t\t\t<div class=\"elementor-element elementor-element-7055f1f elementor-widget elementor-widget-text-editor\" data-id=\"7055f1f\" data-element_type=\"widget\" data-widget_type=\"text-editor.default\">\n\t\t\t\t<div class=\"elementor-widget-container\">\n\t\t\t\t\t\t\t<p>gotitarojabolivia@hotmail.com<\/p>\t\t\t\t\t\t<\/div>\n\t\t\t\t<\/div>\n\t\t\t\t\t<\/div>\n\t\t<\/div>\n\t\t\t\t<div class=\"elementor-column elementor-col-20 elementor-top-column elementor-element elementor-element-41dc6b90\" data-id=\"41dc6b90\" data-element_type=\"column\">\n\t\t\t<div class=\"elementor-widget-wrap elementor-element-populated\">\n\t\t\t\t\t\t\t\t<div class=\"elementor-element elementor-element-36a32b15 elementor-view-default elementor-widget elementor-widget-icon\" data-id=\"36a32b15\" data-element_type=\"widget\" data-widget_type=\"icon.default\">\n\t\t\t\t<div class=\"elementor-widget-container\">\n\t\t\t\t\t<div class=\"elementor-icon-wrapper\">\n\t\t\t<a class=\"elementor-icon\" href=\"https:\/\/www.facebook.com\/gotitarojabolivia\/\" target=\"_blank\">\n\t\t\t<i aria-hidden=\"true\" class=\"fab fa-facebook-square\"><\/i>\t\t\t<\/a>\n\t\t<\/div>\n\t\t\t\t<\/div>\n\t\t\t\t<\/div>\n\t\t\t\t<div class=\"elementor-element elementor-element-53a60496 elementor-widget elementor-widget-text-editor\" data-id=\"53a60496\" data-element_type=\"widget\" data-widget_type=\"text-editor.default\">\n\t\t\t\t<div class=\"elementor-widget-container\">\n\t\t\t\t\t\t\t<p>facebook\/gotitarojabolivia\/<\/p>\t\t\t\t\t\t<\/div>\n\t\t\t\t<\/div>\n\t\t\t\t\t<\/div>\n\t\t<\/div>\n\t\t\t\t<div class=\"elementor-column elementor-col-20 elementor-top-column elementor-element elementor-element-62905f51\" data-id=\"62905f51\" data-element_type=\"column\">\n\t\t\t<div class=\"elementor-widget-wrap elementor-element-populated\">\n\t\t\t\t\t\t\t\t<div class=\"elementor-element elementor-element-5f20c64d elementor-view-default elementor-widget elementor-widget-icon\" data-id=\"5f20c64d\" data-element_type=\"widget\" data-widget_type=\"icon.default\">\n\t\t\t\t<div class=\"elementor-widget-container\">\n\t\t\t\t\t<div class=\"elementor-icon-wrapper\">\n\t\t\t<a class=\"elementor-icon\" href=\"https:\/\/www.instagram.com\/gotitaroja\/\" target=\"_blank\">\n\t\t\t<i aria-hidden=\"true\" class=\"fab fa-instagram\"><\/i>\t\t\t<\/a>\n\t\t<\/div>\n\t\t\t\t<\/div>\n\t\t\t\t<\/div>\n\t\t\t\t<div class=\"elementor-element elementor-element-2b2211b3 elementor-widget elementor-widget-text-editor\" data-id=\"2b2211b3\" data-element_type=\"widget\" data-widget_type=\"text-editor.default\">\n\t\t\t\t<div class=\"elementor-widget-container\">\n\t\t\t\t\t\t\t<p>instagram\/gotitaroja\/<\/p>\t\t\t\t\t\t<\/div>\n\t\t\t\t<\/div>\n\t\t\t\t\t<\/div>\n\t\t<\/div>\n\t\t\t\t<div class=\"elementor-column elementor-col-20 elementor-top-column elementor-element elementor-element-4954d39c\" data-id=\"4954d39c\" data-element_type=\"column\" data-settings=\"{&quot;background_background&quot;:&quot;classic&quot;}\">\n\t\t\t<div class=\"elementor-widget-wrap elementor-element-populated\">\n\t\t\t\t\t\t\t\t<div class=\"elementor-element elementor-element-3c37b020 elementor-mobile-align-center elementor-icon-list--layout-traditional elementor-list-item-link-full_width elementor-widget elementor-widget-icon-list\" data-id=\"3c37b020\" data-element_type=\"widget\" data-widget_type=\"icon-list.default\">\n\t\t\t\t<div class=\"elementor-widget-container\">\n\t\t\t\t\t<ul class=\"elementor-icon-list-items\">\n\t\t\t\t\t\t\t<li class=\"elementor-icon-list-item\">\n\t\t\t\t\t\t\t\t\t\t\t<a href=\"https:\/\/wa.me\/59177051111\" target=\"_blank\">\n\n\t\t\t\t\t\t\t\t\t\t\t\t<span class=\"elementor-icon-list-icon\">\n\t\t\t\t\t\t\t<i aria-hidden=\"true\" class=\"fab fa-whatsapp\"><\/i>\t\t\t\t\t\t<\/span>\n\t\t\t\t\t\t\t\t\t\t<span class=\"elementor-icon-list-text\">Consultas: 591-77051111<\/span>\n\t\t\t\t\t\t\t\t\t\t\t<\/a>\n\t\t\t\t\t\t\t\t\t<\/li>\n\t\t\t\t\t\t\t\t<li class=\"elementor-icon-list-item\">\n\t\t\t\t\t\t\t\t\t\t\t<a href=\"https:\/\/wa.me\/59177023811\" target=\"_blank\">\n\n\t\t\t\t\t\t\t\t\t\t\t\t<span class=\"elementor-icon-list-icon\">\n\t\t\t\t\t\t\t<i aria-hidden=\"true\" class=\"fab fa-whatsapp\"><\/i>\t\t\t\t\t\t<\/span>\n\t\t\t\t\t\t\t\t\t\t<span class=\"elementor-icon-list-text\">Donaciones: 591-77023811<\/span>\n\t\t\t\t\t\t\t\t\t\t\t<\/a>\n\t\t\t\t\t\t\t\t\t<\/li>\n\t\t\t\t\t\t\t\t<li class=\"elementor-icon-list-item\">\n\t\t\t\t\t\t\t\t\t\t\t<a href=\"https:\/\/wa.me\/59177039411\" target=\"_blank\">\n\n\t\t\t\t\t\t\t\t\t\t\t\t<span class=\"elementor-icon-list-icon\">\n\t\t\t\t\t\t\t<i aria-hidden=\"true\" class=\"fab fa-whatsapp\"><\/i>\t\t\t\t\t\t<\/span>\n\t\t\t\t\t\t\t\t\t\t<span class=\"elementor-icon-list-text\">Membres\u00edas: 591-77039411<\/span>\n\t\t\t\t\t\t\t\t\t\t\t<\/a>\n\t\t\t\t\t\t\t\t\t<\/li>\n\t\t\t\t\t\t\t\t<li class=\"elementor-icon-list-item\">\n\t\t\t\t\t\t\t\t\t\t\t<a href=\"https:\/\/wa.me\/59177089303\" target=\"_blank\">\n\n\t\t\t\t\t\t\t\t\t\t\t\t<span class=\"elementor-icon-list-icon\">\n\t\t\t\t\t\t\t<i aria-hidden=\"true\" class=\"fab fa-whatsapp\"><\/i>\t\t\t\t\t\t<\/span>\n\t\t\t\t\t\t\t\t\t\t<span class=\"elementor-icon-list-text\">Proy. Construyendo Sue\u00f1os: 591-77089303<\/span>\n\t\t\t\t\t\t\t\t\t\t\t<\/a>\n\t\t\t\t\t\t\t\t\t<\/li>\n\t\t\t\t\t\t<\/ul>\n\t\t\t\t<\/div>\n\t\t\t\t<\/div>\n\t\t\t\t\t<\/div>\n\t\t<\/div>\n\t\t\t\t\t\t\t<\/div>\n\t\t<\/section>\n\t\t\t\t\t\t\t<\/div>\n\t\t","protected":false},"excerpt":{"rendered":"<p>\u201cA veces sentimos que lo que hacemos es tan solo una gota en el mar, pero el mar ser\u00eda menos si le faltara una gota\u201d. Teresa de Calcuta. DONAR Proyecto S\u00faper &#8211; Quimio El proyecto \u00abS\u00faper Quimio\u00bb nace el a\u00f1o 2012, tiene el objetivo de apoyar a los pacientes adultos con medicamentos de quimioterapia y&hellip;&nbsp;<a href=\"https:\/\/gotitarojabolivia.org.bo\/?page_id=45\" class=\"\" rel=\"bookmark\">Leer m\u00e1s &raquo;<span class=\"screen-reader-text\">S\u00faper Quimio<\/span><\/a><\/p>\n","protected":false},"author":1,"featured_media":0,"parent":57,"menu_order":0,"comment_status":"closed","ping_status":"closed","template":"page-templates\/template-pagebuilder-full-width.php","meta":{"_mi_skip_tracking":false,"neve_meta_sidebar":"","neve_meta_container":"","neve_meta_enable_content_width":"off","neve_meta_content_width":0,"neve_meta_title_alignment":"","neve_meta_author_avatar":"","neve_post_elements_order":"","neve_meta_disable_header":"","neve_meta_disable_footer":"","neve_meta_disable_title":"on","_themeisle_gutenberg_block_has_review":false,"_ti_tpc_template_sync":false,"_ti_tpc_template_id":"","footnotes":""},"class_list":["post-45","page","type-page","status-publish","hentry"],"jetpack_sharing_enabled":true,"_links":{"self":[{"href":"https:\/\/gotitarojabolivia.org.bo\/index.php?rest_route=\/wp\/v2\/pages\/45","targetHints":{"allow":["GET"]}}],"collection":[{"href":"https:\/\/gotitarojabolivia.org.bo\/index.php?rest_route=\/wp\/v2\/pages"}],"about":[{"href":"https:\/\/gotitarojabolivia.org.bo\/index.php?rest_route=\/wp\/v2\/types\/page"}],"author":[{"embeddable":true,"href":"https:\/\/gotitarojabolivia.org.bo\/index.php?rest_route=\/wp\/v2\/users\/1"}],"replies":[{"embeddable":true,"href":"https:\/\/gotitarojabolivia.org.bo\/index.php?rest_route=%2Fwp%2Fv2%2Fcomments&post=45"}],"version-history":[{"count":12,"href":"https:\/\/gotitarojabolivia.org.bo\/index.php?rest_route=\/wp\/v2\/pages\/45\/revisions"}],"predecessor-version":[{"id":6350,"href":"https:\/\/gotitarojabolivia.org.bo\/index.php?rest_route=\/wp\/v2\/pages\/45\/revisions\/6350"}],"up":[{"embeddable":true,"href":"https:\/\/gotitarojabolivia.org.bo\/index.php?rest_route=\/wp\/v2\/pages\/57"}],"wp:attachment":[{"href":"https:\/\/gotitarojabolivia.org.bo\/index.php?rest_route=%2Fwp%2Fv2%2Fmedia&parent=45"}],"curies":[{"name":"wp","href":"https:\/\/api.w.org\/{rel}","templated":true}]}}